{"id":31728,"date":"2026-05-09T23:49:18","date_gmt":"2026-05-09T23:49:18","guid":{"rendered":"https:\/\/truvicco.shop\/product\/deruiz-quartz-e-bike-damen-28-zoll-tiefeinsteiger-8-gang-48v-13-4ah-akku-bis-zu-161-km-55nm-drehmoment-hydraulische-scheibenbremsen-app-city-trekking-elektrofahrrad-fur-damen-herren\/"},"modified":"2026-05-09T23:49:19","modified_gmt":"2026-05-09T23:49:19","slug":"deruiz-quartz-e-bike-damen-28-zoll-tiefeinsteiger-8-gang-48v-13-4ah-akku-bis-zu-161-km-55nm-drehmoment-hydraulische-scheibenbremsen-app-city-trekking-elektrofahrrad-fur-damen-herren","status":"publish","type":"product","link":"https:\/\/truvicco.shop\/en\/product\/deruiz-quartz-e-bike-damen-28-zoll-tiefeinsteiger-8-gang-48v-13-4ah-akku-bis-zu-161-km-55nm-drehmoment-hydraulische-scheibenbremsen-app-city-trekking-elektrofahrrad-fur-damen-herren\/","title":{"rendered":"Deruiz Quartz E-Bike 28 Zoll Tiefeinsteiger 55Nm 48V 13,4Ah Akku 161 km 8 Gang Hydraulisch Damen Herren"},"content":{"rendered":"<div id=\"productDescription\" class=\"a-section a-spacing-small\">       <!-- show up to 2 reviews by default --><\/p>\n<p>    <span>Das DERUIZ Quartz ist ein leichtes Elektrofahrrad f\u00fcr die Stadt, ideal f\u00fcr den t\u00e4glichen Weg zur Arbeit. Es verf\u00fcgt \u00fcber einen 250-W-Hinterradmotor mit einem Drehmoment von 55 Nm f\u00fcr schnelle Beschleunigung und robuste Steigf\u00e4higkeit. Der integrierte Drehmomentsensor sorgt f\u00fcr eine nat\u00fcrliche, reaktionsschnelle Unterst\u00fctzung. Der herausnehmbare 48-V-Akku mit 644 Wh bietet eine Reichweite von bis zu 161 Kilometern und eignet sich somit perfekt f\u00fcr l\u00e4ngere Fahrten innerhalb der Stadt.<\/span>    <\/p>\n<\/p><\/div>\n<p><strong>Product Overview<\/strong><\/p>\n<ul>\n<li>\n<strong>Fahrradtyp:<\/strong> Pendlerfahrrad<\/li>\n<li>\n<strong>Altersspektrum (Beschreibung):<\/strong> Erwachsener<\/li>\n<li>\n<strong>Marke:<\/strong> DERUIZ<\/li>\n<li>\n<strong>Anzahl der G\u00e4nge:<\/strong> 8<\/li>\n<li>\n<strong>Farbe:<\/strong> Moonbeam<\/li>\n<li>\n<strong>Radgr\u00f6\u00dfe:<\/strong> 28 Zoll<\/li>\n<li>\n<strong>Aufh\u00e4ngungstyp:<\/strong> Gabelfederung<\/li>\n<li>\n<strong>Besonderes Merkmal:<\/strong> Vorderlicht<\/li>\n<li>\n<strong>Enthaltene Komponenten:<\/strong> Ladeger\u00e4t<\/li>\n<li>\n<strong>Gr\u00f6\u00dfe:<\/strong> 28<\/li>\n<\/ul>\n<p><strong>Product Features<\/strong><\/p>\n<ul>\n<li>\u3010Leistungsstarker Motor\u3011 Der b\u00fcrstenlose 250-W-Heckmotor im QUARTZ E Bike liefert dir mit 55 Nm Drehmoment die n\u00f6tige Power f\u00fcr z\u00fcgiges Anfahren, Steigungen und lange Strecken. Der integrierte Drehmomentsensor reagiert pr\u00e4zise auf deine Trittst\u00e4rke und bietet eine nat\u00fcrliche, fein dosierte Unterst\u00fctzung \u2013 ideal f\u00fcr Stop-and-Go, Anfahren am Berg oder fl\u00fcssiges Cruisen durch die Stadt. Mehr Kontrolle, schnellere Motorreaktion und eine harmonischere Fahrdynamik<\/li>\n<li>\u3010Ultra-lange Akkulaufzeit und bequemes Aufladen\u3011 Der leistungsstarke, im Unterrohr integrierte Lithium-Ionen-Akku mit 644 Wh Kapazit\u00e4t sorgt f\u00fcr besonders hohe Reichweite im QUARTZ Elektrofahrrad. Mit Unterst\u00fctzung durch das PAS-System (Pedal Assist) sind Fahrten von bis zu 161 km mit nur einer Ladung m\u00f6glich \u2013 perfekt f\u00fcr lange Touren, t\u00e4gliches Pendeln oder Wochenend-Abenteuer. Der Akku ist herausnehmbar, abschlie\u00dfbar und l\u00e4sst sich bequem zu Hause oder im B\u00fcro an jeder Steckdose laden.<\/li>\n<li>\u3010Sicherheit rundum\u3011QUARTZ Ebike ist mit hydraulischen Scheibenbremsen ausgestattet, vorne und hinten mit 180-mm-Bremsscheiben, die auch auf nassen Fahrbahnen oder beim Bergabfahren starke und zuverl\u00e4ssige Bremsleistung bieten. In Kombination mit dem LED-Frontlicht und dem integrierten R\u00fccklicht, die den deutschen Stra\u00dfenverkehrsvorschriften (StVZO) entsprechen, wird sicheres Fahren bei allen Lichtverh\u00e4ltnissen gew\u00e4hrleistet.<\/li>\n<li>\u3010Komfort und Fahrgef\u00fchl\u3011Dieses Elektrofahrrad ist mit dem Shimano Altus 8-Gang&#8211;Schaltung erm\u00f6glicht jederzeit den optimalen Gang \u2013 ideal f\u00fcr Stadtfahrten und l\u00e4ngere Touren mit Steigungen. Die Federgabel mit 60 mm Federweg und Lockout sorgt f\u00fcr ein ruhiges, komfortables Fahrverhalten auf unebenen Wegen. Ergonomischer Velo-Sattel und Komfortlenker bieten hohen Sitzkomfort, auch auf langen Strecken. Das Tiefeinsteiger-Design erleichtert das Auf- und Absteigen und sorgt f\u00fcr ein entspanntes, sicheres Fahrerlebnis.<\/li>\n<li>\u3010Praktisches Design, das den Anforderungen des Alltags gerecht wird\u3011Das QUARTZ Urban Commuter E-Bike verf\u00fcgt \u00fcber einen integrierten Gep\u00e4cktr\u00e4ger mit einer Tragkraft von 25 kg, Aluminium-Kotfl\u00fcgel, einen verstellbaren Lenker und Pedale im City-Stil. Es eignet sich f\u00fcr den Weg zur Arbeit, zum Einkaufen und f\u00fcr Freizeitaktivit\u00e4ten und verk\u00f6rpert das Konzept \u201eein Fahrrad, viele Verwendungsm\u00f6glichkeiten\u201c.<\/li>\n<li>\u3010Lieferung und Montage\u3011 Die DERUIZ elektrofahrrad werden von einem Lager in Deutschland versandt und ben\u00f6tigen ca. 3-5 Tage um bei Ihnen anzukommen. Die Ebikes sind zu 90% vormontiert. Alles, was Sie tun m\u00fcssen, ist, das Fahrrad gem\u00e4\u00df der Anleitung zusammenzubauen. Bitte pruefen Sie immer ob alle wichtigen Schrauben angezogen sind, wie an Lenker und Bremsen.<\/li>\n<\/ul>\n<p><strong>Product Information<\/strong><\/p>\n<ul>\n<table style=\"margin-bottom:20px\">\n<tbody>\n<tr>\n<td><strong>Fahrradtyp<\/strong><\/td>\n<td>Pendlerfahrrad<\/td>\n<\/tr>\n<tr>\n<td><strong>Anzahl G\u00e4nge<\/strong><\/td>\n<td>8<\/td>\n<\/tr>\n<tr>\n<td><strong>Federungstyp<\/strong><\/td>\n<td>Gabelfederung<\/td>\n<\/tr>\n<tr>\n<td><strong>Besondere Merkmale<\/strong><\/td>\n<td>Vorderlicht<\/td>\n<\/tr>\n<tr>\n<td><strong>Bremsenart<\/strong><\/td>\n<td>Scheibenbremse<\/td>\n<\/tr>\n<tr>\n<td><strong>Spezifische Verwendung f\u00fcr Produkt<\/strong><\/td>\n<td>Stra\u00dfe<\/td>\n<\/tr>\n<tr>\n<td><strong>Betriebsart<\/strong><\/td>\n<td>Elektromotor<\/td>\n<\/tr>\n<tr>\n<td><strong>Wattleistung<\/strong><\/td>\n<td>250 Watt<\/td>\n<\/tr>\n<tr>\n<td><strong>Kapazit\u00e4t Lithium-Akku<\/strong><\/td>\n<td>644 Wattstunden<\/td>\n<\/tr>\n<tr>\n<td><strong>Typ des Fahrradschalthebels<\/strong><\/td>\n<td>Trigger<\/td>\n<\/tr>\n<tr>\n<td><strong>Fahrgel\u00e4nde<\/strong><\/td>\n<td>Paved Roads, Urban Terrain<\/td>\n<\/tr>\n<tr>\n<td><strong>Konfiguration der Kettenschaltung<\/strong><\/td>\n<td>R\u00fcckseite<\/td>\n<\/tr>\n<tr>\n<td><strong>Antriebsart des Fahrrads<\/strong><\/td>\n<td>Kettenschaltung<\/td>\n<\/tr>\n<tr>\n<td><strong>Art der elektrischen Unterst\u00fctzung<\/strong><\/td>\n<td>pedal assist<\/td>\n<\/tr>\n<tr>\n<td><strong>Reifengr\u00f6\u00dfe<\/strong><\/td>\n<td>28 Zoll<\/td>\n<\/tr>\n<tr>\n<td><strong>Gr\u00f6\u00dfe<\/strong><\/td>\n<td>28<\/td>\n<\/tr>\n<tr>\n<td><strong>Radbreite<\/strong><\/td>\n<td>1,75 Zoll<\/td>\n<\/tr>\n<tr>\n<td><strong>Altersgruppe Beschreibung<\/strong><\/td>\n<td>Erwachsener<\/td>\n<\/tr>\n<tr>\n<td><strong>Marke<\/strong><\/td>\n<td>DERUIZ<\/td>\n<\/tr>\n<tr>\n<td><strong>Eingeschlossene Komponenten<\/strong><\/td>\n<td>Ladeger\u00e4t<\/td>\n<\/tr>\n<tr>\n<td><strong>Modellname<\/strong><\/td>\n<td>Quartz<\/td>\n<\/tr>\n<tr>\n<td><strong>Herkunftsland<\/strong><\/td>\n<td>Deutschland<\/td>\n<\/tr>\n<tr>\n<td><strong>UPC<\/strong><\/td>\n<td>785034577154<\/td>\n<\/tr>\n<tr>\n<td><strong>Hersteller<\/strong><\/td>\n<td>DERUIZ<\/td>\n<\/tr>\n<tr>\n<td><strong>Garantie<\/strong><\/td>\n<td>2 Jahre Herstellergarantie<\/td>\n<\/tr>\n<tr>\n<td><strong>Amazon Bestseller-Rang<\/strong><\/td>\n<td><\/td>\n<\/tr>\n<tr>\n<td><strong>ASIN<\/strong><\/td>\n<td>B0G7XJPHZJ<\/td>\n<\/tr>\n<tr>\n<td><strong>Durchschnittliche Kundenbewertung<\/strong><\/td>\n<td><\/td>\n<\/tr>\n<tr>\n<td><strong>Farbe<\/strong><\/td>\n<td>Moonbeam<\/td>\n<\/tr>\n<tr>\n<td><strong>Stil\/Form<\/strong><\/td>\n<td>Urban<\/td>\n<\/tr>\n<tr>\n<td><strong>Radmaterial<\/strong><\/td>\n<td>Aluminium<\/td>\n<\/tr>\n<tr>\n<td><strong>Art der Garantie<\/strong><\/td>\n<td>Volle Garantie (2 Jahre)<\/td>\n<\/tr>\n<tr>\n<td><strong>Montage erforderlich<\/strong><\/td>\n<td>Ja<\/td>\n<\/tr>\n<\/tbody>\n<\/table>\n<\/ul>","protected":false},"excerpt":{"rendered":"<p>Das DERUIZ Quartz ist ein leichtes Elektrofahrrad f\u00fcr die Stadt, ideal f\u00fcr den t\u00e4glichen Weg zur Arbeit. Es verf\u00fcgt \u00fcber<\/p>","protected":false},"featured_media":31805,"comment_status":"open","ping_status":"closed","template":"","meta":[],"product_brand":[],"product_cat":[153],"product_tag":[],"class_list":{"0":"post-31728","1":"product","2":"type-product","3":"status-publish","4":"has-post-thumbnail","6":"product_cat-elektrofahrraeder","8":"first","9":"instock","10":"sale","11":"shipping-taxable","12":"purchasable","13":"product-type-variable"},"jetpack_sharing_enabled":true,"_links":{"self":[{"href":"https:\/\/truvicco.shop\/en\/wp-json\/wp\/v2\/product\/31728","targetHints":{"allow":["GET"]}}],"collection":[{"href":"https:\/\/truvicco.shop\/en\/wp-json\/wp\/v2\/product"}],"about":[{"href":"https:\/\/truvicco.shop\/en\/wp-json\/wp\/v2\/types\/product"}],"replies":[{"embeddable":true,"href":"https:\/\/truvicco.shop\/en\/wp-json\/wp\/v2\/comments?post=31728"}],"version-history":[{"count":0,"href":"https:\/\/truvicco.shop\/en\/wp-json\/wp\/v2\/product\/31728\/revisions"}],"wp:featuredmedia":[{"embeddable":true,"href":"https:\/\/truvicco.shop\/en\/wp-json\/wp\/v2\/media\/31805"}],"wp:attachment":[{"href":"https:\/\/truvicco.shop\/en\/wp-json\/wp\/v2\/media?parent=31728"}],"wp:term":[{"taxonomy":"product_brand","embeddable":true,"href":"https:\/\/truvicco.shop\/en\/wp-json\/wp\/v2\/product_brand?post=31728"},{"taxonomy":"product_cat","embeddable":true,"href":"https:\/\/truvicco.shop\/en\/wp-json\/wp\/v2\/product_cat?post=31728"},{"taxonomy":"product_tag","embeddable":true,"href":"https:\/\/truvicco.shop\/en\/wp-json\/wp\/v2\/product_tag?post=31728"}],"curies":[{"name":"wp","href":"https:\/\/api.w.org\/{rel}","templated":true}]}}