{"id":31738,"date":"2026-05-09T23:49:20","date_gmt":"2026-05-09T23:49:20","guid":{"rendered":"https:\/\/truvicco.shop\/product\/elektrofahrrad-27-5-zoll-motor-250-w-akku-36-v-15-6-ah-abnehmbar-reichweite-bis-zu-100-km-7-gange-lcd-display-unterstutzung-25-km-h-maximale-belastung-120-kg-unisex-e-bike-modell\/"},"modified":"2026-05-09T23:49:22","modified_gmt":"2026-05-09T23:49:22","slug":"elektrofahrrad-27-5-zoll-motor-250-w-akku-36-v-15-6-ah-abnehmbar-reichweite-bis-zu-100-km-7-gange-lcd-display-unterstutzung-25-km-h-maximale-belastung-120-kg-unisex-e-bike-modell","status":"publish","type":"product","link":"https:\/\/truvicco.shop\/en\/product\/elektrofahrrad-27-5-zoll-motor-250-w-akku-36-v-15-6-ah-abnehmbar-reichweite-bis-zu-100-km-7-gange-lcd-display-unterstutzung-25-km-h-maximale-belastung-120-kg-unisex-e-bike-modell\/","title":{"rendered":"E-Bike 27,5 Zoll 250W Motor 36V 15,6Ah Akku 100 km Reichweite 7 Gang LCD-Display 120 kg Unisex"},"content":{"rendered":"<div id=\"productDescription\" class=\"a-section a-spacing-small\">       <!-- show up to 2 reviews by default -->\n           <\/div>\n<p><strong>Product Overview<\/strong><\/p>\n<ul>\n<li>\n<strong>Fahrradtyp:<\/strong> Tourenrad<\/li>\n<li>\n<strong>Altersspektrum (Beschreibung):<\/strong> Erwachsener<\/li>\n<li>\n<strong>Marke:<\/strong> Junglor<\/li>\n<li>\n<strong>Anzahl der G\u00e4nge:<\/strong> 7<\/li>\n<li>\n<strong>Farbe:<\/strong> Schwarz<\/li>\n<li>\n<strong>Radgr\u00f6\u00dfe:<\/strong> 27,5 Zoll<\/li>\n<li>\n<strong>Rahmenmaterial:<\/strong> Hochfester Stahl<\/li>\n<li>\n<strong>Aufh\u00e4ngungstyp:<\/strong> Gabelfederung<\/li>\n<li>\n<strong>Besonderes Merkmal:<\/strong> Austauschbarer Akku, Kilometerz\u00e4hler, Multi-Speed, Verstellbarer Sitz, Wiederaufladbar<\/li>\n<li>\n<strong>Enthaltene Komponenten:<\/strong> <\/li>\n<\/ul>\n<p><strong>Product Features<\/strong><\/p>\n<ul>\n<li>\u3010Starker 250W Motor &#038; 100KM Reichweite\u3011 Ausgestattet mit einem b\u00fcrstenlosen ANADA 250W Motor bietet das E-Bike kraftvolle Leistung f\u00fcr Stadt und Gel\u00e4nde. Der 36V 15.6Ah Akku erm\u00f6glicht Reichweiten von bis zu 100 km im Unterst\u00fctzungsmodus.<\/li>\n<li>\u3010Vordere und hintere Scheibenbremsen\u3011 Starke Bremsleistung, schnelle Reaktion und perfekte Kontrolle. Erh\u00f6hte Sicherheit auf nasser Stra\u00dfe, bei Abfahrten oder in der Stadt \u2013 fahren Sie jederzeit mit Zuversicht.<\/li>\n<li>\u3010 7-Gang Schaltung &#038; 5 Unterst\u00fctzungsstufen\u3011 Dank der 7-Gang-Schaltung und der 5-stufigen Tretunterst\u00fctzung passen Sie das Fahrverhalten perfekt an unterschiedliche Strecken und Steigungen an.<\/li>\n<li>\u3010Komfortables Fahren mit Federgabel &#038; Ergonomie\u3011 Dieses E-Bike Herren Trekking-Modell mit sto\u00dfd\u00e4mpfender Federgabel (inklusive Lockout-Funktion) und ergonomischer Rahmengeometrie bietet hohen Fahrkomfort \u2013 selbst auf langen Strecken. Dank seines Unisex Designs ist dieses Trekking E-Bike ideal f\u00fcr M\u00e4nner und Frauen geeignet und vereint Komfort mit Alltagstauglichkeit.<\/li>\n<li>\u3010Klar ablesbares LCD &#038; durchdachte Ausstattung\u3011 Das LCD-Display zeigt Geschwindigkeit, Akkustand, Fahrmodus und Distanz an. Mit Beleuchtung, Schutzblechen und Gep\u00e4cktr\u00e4ger ist das E-Bike alltagstauglich ausgestattet.<\/li>\n<\/ul>\n<p><strong>Product Information<\/strong><\/p>\n<ul>\n<table style=\"margin-bottom:20px\">\n<tbody>\n<tr>\n<td><strong>Fahrradtyp<\/strong><\/td>\n<td>Tourenrad<\/td>\n<\/tr>\n<tr>\n<td><strong>Anzahl G\u00e4nge<\/strong><\/td>\n<td>7<\/td>\n<\/tr>\n<tr>\n<td><strong>Federungstyp<\/strong><\/td>\n<td>Gabelfederung<\/td>\n<\/tr>\n<tr>\n<td><strong>Besondere Merkmale<\/strong><\/td>\n<td>Austauschbarer Akku, Kilometerz\u00e4hler, Multi-Speed, Verstellbarer Sitz, Wiederaufladbar<\/td>\n<\/tr>\n<tr>\n<td><strong>Bremsenart<\/strong><\/td>\n<td>Scheibenbremse<\/td>\n<\/tr>\n<tr>\n<td><strong>Spezifische Verwendung f\u00fcr Produkt<\/strong><\/td>\n<td>Pendeln, Trail<\/td>\n<\/tr>\n<tr>\n<td><strong>Betriebsart<\/strong><\/td>\n<td>Elektrisch<\/td>\n<\/tr>\n<tr>\n<td><strong>Wattleistung<\/strong><\/td>\n<td>250 Watt<\/td>\n<\/tr>\n<tr>\n<td><strong>Kapazit\u00e4t Lithium-Akku<\/strong><\/td>\n<td>15,6 Milliamperestunde (mAh)<\/td>\n<\/tr>\n<tr>\n<td><strong>Typ des Fahrradschalthebels<\/strong><\/td>\n<td>Trigger<\/td>\n<\/tr>\n<tr>\n<td><strong>Konfiguration der Kettenschaltung<\/strong><\/td>\n<td>R\u00fcckseite<\/td>\n<\/tr>\n<tr>\n<td><strong>Farbe<\/strong><\/td>\n<td>Schwarz<\/td>\n<\/tr>\n<tr>\n<td><strong>Thema<\/strong><\/td>\n<td>Pendeln, Sport<\/td>\n<\/tr>\n<tr>\n<td><strong>Stil\/Form<\/strong><\/td>\n<td>Urban<\/td>\n<\/tr>\n<tr>\n<td><strong>Rahmenmaterialtyp<\/strong><\/td>\n<td>Hochfester Stahl<\/td>\n<\/tr>\n<tr>\n<td><strong>Radmaterial<\/strong><\/td>\n<td>Aluminium<\/td>\n<\/tr>\n<tr>\n<td><strong>Sitzwerkstoff<\/strong><\/td>\n<td>Kunstleder<\/td>\n<\/tr>\n<tr>\n<td><strong>Altersgruppe Beschreibung<\/strong><\/td>\n<td>Erwachsener<\/td>\n<\/tr>\n<tr>\n<td><strong>Marke<\/strong><\/td>\n<td>Junglor<\/td>\n<\/tr>\n<tr>\n<td><strong>Eingeschlossene Komponenten<\/strong><\/td>\n<td>Elektroassistenzrad x 1, Schl\u00fcssel x 2; Scheinwerfer x 1, Schutzblech x 1; Ladeger\u00e4t x 1, Speichenreflektoren x 2; Benutzerhandbuch x 1, Werkzeugsatz x 1; Pedale x 2 (links und rechts)<\/td>\n<\/tr>\n<tr>\n<td><strong>Modellnummer<\/strong><\/td>\n<td>A-B<\/td>\n<\/tr>\n<tr>\n<td><strong>Modellname<\/strong><\/td>\n<td>J1<\/td>\n<\/tr>\n<tr>\n<td><strong>Hersteller<\/strong><\/td>\n<td>Junglor<\/td>\n<\/tr>\n<tr>\n<td><strong>Garantie<\/strong><\/td>\n<td>2<\/td>\n<\/tr>\n<tr>\n<td><strong>Artikeltyp Name<\/strong><\/td>\n<td>Dieses Elektrofahrrad kombiniert einen 250-W-Motor mit einem Akku von 36 V 15,6 Ah f\u00fcr eine Unterst\u00fctzung f\u00fcr st\u00e4dtische Fahrten und l\u00e4ngere Strecken. Die Scheibenbremsen sorgen f\u00fcr eine pr\u00e4zise Kontrolle, w\u00e4hrend die Federgabel, die Rahmenergonomie und das 7-Gang-Getriebe optimalen Komfort bieten. Das LCD-Display, Beleuchtung, Schutzbleche und der Gep\u00e4cktr\u00e4ger runden eine durchdachte Ausstattung f\u00fcr den t\u00e4glichen Gebrauch ab.<\/td>\n<\/tr>\n<tr>\n<td><strong>Amazon Bestseller-Rang<\/strong><\/td>\n<td><\/td>\n<\/tr>\n<tr>\n<td><strong>ASIN<\/strong><\/td>\n<td>B0G4M7649B<\/td>\n<\/tr>\n<tr>\n<td><strong>Durchschnittliche Kundenbewertung<\/strong><\/td>\n<td><\/td>\n<\/tr>\n<tr>\n<td><strong>Reifengr\u00f6\u00dfe<\/strong><\/td>\n<td>27,5 Zoll<\/td>\n<\/tr>\n<tr>\n<td><strong>Gr\u00f6\u00dfe<\/strong><\/td>\n<td>27,5 Pouces<\/td>\n<\/tr>\n<tr>\n<td><strong>Radbreite<\/strong><\/td>\n<td>2,1 Zoll<\/td>\n<\/tr>\n<tr>\n<td><strong>Artikelgewicht<\/strong><\/td>\n<td>27 Kilogramm<\/td>\n<\/tr>\n<tr>\n<td><strong>Art der Garantie<\/strong><\/td>\n<td>Beschr\u00e4nkt<\/td>\n<\/tr>\n<tr>\n<td><strong>Empfohlenes Maximalgewicht<\/strong><\/td>\n<td>120 Kilogramm<\/td>\n<\/tr>\n<tr>\n<td><strong>Montage erforderlich<\/strong><\/td>\n<td>Ja<\/td>\n<\/tr>\n<tr>\n<td><strong>Mindestbenutzerh\u00f6he<\/strong><\/td>\n<td>160 Zentimeter<\/td>\n<\/tr>\n<\/tbody>\n<\/table>\n<\/ul>","protected":false},"excerpt":{"rendered":"<p>Product Overview Fahrradtyp: Tourenrad Altersspektrum (Beschreibung): Erwachsener Marke: Junglor Anzahl der G\u00e4nge: 7 Farbe: Schwarz Radgr\u00f6\u00dfe: 27,5 Zoll Rahmenmaterial: Hochfester<\/p>","protected":false},"featured_media":31833,"comment_status":"open","ping_status":"closed","template":"","meta":[],"product_brand":[],"product_cat":[153],"product_tag":[],"class_list":{"0":"post-31738","1":"product","2":"type-product","3":"status-publish","4":"has-post-thumbnail","6":"product_cat-elektrofahrraeder","8":"first","9":"instock","10":"sale","11":"shipping-taxable","12":"purchasable","13":"product-type-variable"},"jetpack_sharing_enabled":true,"_links":{"self":[{"href":"https:\/\/truvicco.shop\/en\/wp-json\/wp\/v2\/product\/31738","targetHints":{"allow":["GET"]}}],"collection":[{"href":"https:\/\/truvicco.shop\/en\/wp-json\/wp\/v2\/product"}],"about":[{"href":"https:\/\/truvicco.shop\/en\/wp-json\/wp\/v2\/types\/product"}],"replies":[{"embeddable":true,"href":"https:\/\/truvicco.shop\/en\/wp-json\/wp\/v2\/comments?post=31738"}],"version-history":[{"count":0,"href":"https:\/\/truvicco.shop\/en\/wp-json\/wp\/v2\/product\/31738\/revisions"}],"wp:featuredmedia":[{"embeddable":true,"href":"https:\/\/truvicco.shop\/en\/wp-json\/wp\/v2\/media\/31833"}],"wp:attachment":[{"href":"https:\/\/truvicco.shop\/en\/wp-json\/wp\/v2\/media?parent=31738"}],"wp:term":[{"taxonomy":"product_brand","embeddable":true,"href":"https:\/\/truvicco.shop\/en\/wp-json\/wp\/v2\/product_brand?post=31738"},{"taxonomy":"product_cat","embeddable":true,"href":"https:\/\/truvicco.shop\/en\/wp-json\/wp\/v2\/product_cat?post=31738"},{"taxonomy":"product_tag","embeddable":true,"href":"https:\/\/truvicco.shop\/en\/wp-json\/wp\/v2\/product_tag?post=31738"}],"curies":[{"name":"wp","href":"https:\/\/api.w.org\/{rel}","templated":true}]}}