{"id":31744,"date":"2026-05-09T23:49:20","date_gmt":"2026-05-09T23:49:20","guid":{"rendered":"https:\/\/truvicco.shop\/product\/engwe-e-bike-klapprad-elektrofahrrad-mit-20-zoll-fat-tire-15-6ah-lithium-akku-fur-lange-reichweite-bis-140km-7-gang-all-terrain-ebike-herren-fur-mtb-strand-schnee\/"},"modified":"2026-05-09T23:49:22","modified_gmt":"2026-05-09T23:49:22","slug":"engwe-e-bike-klapprad-elektrofahrrad-mit-20-zoll-fat-tire-15-6ah-lithium-akku-fur-lange-reichweite-bis-140km-7-gang-all-terrain-ebike-herren-fur-mtb-strand-schnee","status":"publish","type":"product","link":"https:\/\/truvicco.shop\/en\/product\/engwe-e-bike-klapprad-elektrofahrrad-mit-20-zoll-fat-tire-15-6ah-lithium-akku-fur-lange-reichweite-bis-140km-7-gang-all-terrain-ebike-herren-fur-mtb-strand-schnee\/","title":{"rendered":"Engwe E-Bike Klapprad 20 Zoll Fatbike 15,6Ah Akku 140 km Reichweite 7 Gang All-Terrain Herren"},"content":{"rendered":"<p><strong>Product Overview<\/strong><\/p>\n<ul>\n<li>\n<strong>Fahrradtyp:<\/strong> Pedelec<\/li>\n<li>\n<strong>Altersspektrum (Beschreibung):<\/strong> Erwachsener<\/li>\n<li>\n<strong>Marke:<\/strong> ENGWE<\/li>\n<li>\n<strong>Anzahl der G\u00e4nge:<\/strong> 7<\/li>\n<li>\n<strong>Farbe:<\/strong> Gr\u00fcn<\/li>\n<li>\n<strong>Radgr\u00f6\u00dfe:<\/strong> 20 Zoll<\/li>\n<li>\n<strong>Rahmenmaterial:<\/strong> Aluminium<\/li>\n<li>\n<strong>Aufh\u00e4ngungstyp:<\/strong> Gabelfederung<\/li>\n<li>\n<strong>Besonderes Merkmal:<\/strong> Doppelte Federung, Klappbar, Korb, Leicht, R\u00fccklicht<\/li>\n<li>\n<strong>Enthaltene Komponenten:<\/strong> <\/li>\n<\/ul>\n<p><strong>Product Features<\/strong><\/p>\n<ul>\n<li>ALL-TERRAIN-ELEKTROFAHRRAD \u2013 Das kompakte, leichte faltbare ENGWE L20 SE E-Bike. Die 3,0-Zoll-Fettreifen k\u00f6nnen sich an eine Vielzahl von Gel\u00e4nden anpassen, darunter Stadt, Strand, Schnee und mehr. Der 36V 15,6Ah Akku erm\u00f6glicht eine maximale Reichweite von bis zu 140 km im Pedalassistenz-Modus. (Wissenswert\uff1aDie maximale Reichweite h\u00e4ngt vom Gewicht, den Fahrgewohnheiten, der Temperatur und den Stra\u00dfenbedingungen ab etc.)<\/li>\n<li>250W POWERFUL MOTOR \u2013 Das ENGWE L20 SE Elektrofahrrad ist mit b\u00fcrstenlose 250-W-Motor, H\u00f6chstgeschwindigkeit von 25 km\/h, was dem Fahrrad eine starke Traktion verleiht und Steigungen unter 15\u00b0 problemlos und reibungslos erklimmen kann.<\/li>\n<li>ENGWE L20 SE Ebike mit 20*3 Zoll fetten Reifen kann es problemlos extreme Gel\u00e4ndeverh\u00e4ltnisse bew\u00e4ltigen.7-Gang-Schaltung, LCD-Display und mechanische Scheibenbremsen vorne und hinten bieten mehr Fahrkomfort, machen Ihr E-Bike anpassungsf\u00e4hig an komplexe Stra\u00dfenbedingungen und halten Sie sicher.<\/li>\n<li>Sattelfederung und Gabelfederung reduzieren Unebenheiten, 2 Fahrmodi und ein professionelles 7-Gang-Schaltgetriebe, sodass Sie auf der ebenen Stra\u00dfe oder am H\u00fcgel frei wechseln k\u00f6nnen. Der verstellbare Lenkersitz ist f\u00fcr Fahrer mit einer K\u00f6rpergr\u00f6\u00dfe von 155\u2013210 cm geeignet.<\/li>\n<li>ENGWE L20 SE E-Bikes sind dank ihres kompakten, leichten Designs der beste Begleiter f\u00fcr Ihren Pendelverkehr. Das faltbare Design passt auch in den Kofferraum Ihres Autos und ist sofort einsatzbereit!<\/li>\n<\/ul>\n<p><strong>Product Information<\/strong><\/p>\n<ul>\n<table style=\"margin-bottom:20px\">\n<tbody>\n<tr>\n<td><strong>Fahrradtyp<\/strong><\/td>\n<td>Pedelec<\/td>\n<\/tr>\n<tr>\n<td><strong>Anzahl G\u00e4nge<\/strong><\/td>\n<td>7<\/td>\n<\/tr>\n<tr>\n<td><strong>Federungstyp<\/strong><\/td>\n<td>Gabelfederung<\/td>\n<\/tr>\n<tr>\n<td><strong>Besondere Merkmale<\/strong><\/td>\n<td>Doppelte Federung, Klappbar, Korb, Leicht, R\u00fccklicht<\/td>\n<\/tr>\n<tr>\n<td><strong>Bremsenart<\/strong><\/td>\n<td>Scheibenbremse<\/td>\n<\/tr>\n<tr>\n<td><strong>Spezifische Verwendung f\u00fcr Produkt<\/strong><\/td>\n<td>Kies, Schnee, Stra\u00dfe, Trail<\/td>\n<\/tr>\n<tr>\n<td><strong>Betriebsart<\/strong><\/td>\n<td>Elektro-Akku<\/td>\n<\/tr>\n<tr>\n<td><strong>Wattleistung<\/strong><\/td>\n<td>250<\/td>\n<\/tr>\n<tr>\n<td><strong>Kapazit\u00e4t Lithium-Akku<\/strong><\/td>\n<td>561,6 Wattstunden<\/td>\n<\/tr>\n<tr>\n<td><strong>Typ des Fahrradschalthebels<\/strong><\/td>\n<td>Trigger<\/td>\n<\/tr>\n<tr>\n<td><strong>F\u00e4higkeitsebene<\/strong><\/td>\n<td>Anf\u00e4nger<\/td>\n<\/tr>\n<tr>\n<td><strong>Konfiguration der Kettenschaltung<\/strong><\/td>\n<td>R\u00fcckseite<\/td>\n<\/tr>\n<tr>\n<td><strong>Antriebsart des Fahrrads<\/strong><\/td>\n<td>Nabenantrieb<\/td>\n<\/tr>\n<tr>\n<td><strong>Art der elektrischen Unterst\u00fctzung<\/strong><\/td>\n<td>b\u00fcrstenlos<\/td>\n<\/tr>\n<tr>\n<td><strong>Ist signiert<\/strong><\/td>\n<td>Nein<\/td>\n<\/tr>\n<tr>\n<td><strong>Anzahl der Griffe<\/strong><\/td>\n<td>1<\/td>\n<\/tr>\n<tr>\n<td><strong>Reifengr\u00f6\u00dfe<\/strong><\/td>\n<td>20 Zoll<\/td>\n<\/tr>\n<tr>\n<td><strong>Gr\u00f6\u00dfe<\/strong><\/td>\n<td>20 Zoll<\/td>\n<\/tr>\n<tr>\n<td><strong>Radbreite<\/strong><\/td>\n<td>3 Zoll<\/td>\n<\/tr>\n<tr>\n<td><strong>Artikelgewicht<\/strong><\/td>\n<td>31 Kilogramm<\/td>\n<\/tr>\n<tr>\n<td><strong>Maximale Reichweite der Sattelst\u00fctze<\/strong><\/td>\n<td>102 Zentimeter<\/td>\n<\/tr>\n<tr>\n<td><strong>Art der Garantie<\/strong><\/td>\n<td>Beschr\u00e4nkt<\/td>\n<\/tr>\n<tr>\n<td><strong>Empfohlenes Maximalgewicht<\/strong><\/td>\n<td>120 Kilogramm<\/td>\n<\/tr>\n<tr>\n<td><strong>Montage erforderlich<\/strong><\/td>\n<td>Ja<\/td>\n<\/tr>\n<tr>\n<td><strong>Mindestbenutzerh\u00f6he<\/strong><\/td>\n<td>155 Zentimeter<\/td>\n<\/tr>\n<tr>\n<td><strong>Altersgruppe Beschreibung<\/strong><\/td>\n<td>Erwachsener<\/td>\n<\/tr>\n<tr>\n<td><strong>Marke<\/strong><\/td>\n<td>ENGWE<\/td>\n<\/tr>\n<tr>\n<td><strong>Eingeschlossene Komponenten<\/strong><\/td>\n<td>1 x Batterieladeger\u00e4t, 1 x Flaschenhalter, 1 x Korb &#038; 1 x Benutzerhandbuch, 1 x L20 SE E-Bike, Werkzeugsatz<\/td>\n<\/tr>\n<tr>\n<td><strong>Modellnummer<\/strong><\/td>\n<td>L20 SE<\/td>\n<\/tr>\n<tr>\n<td><strong>Modellname<\/strong><\/td>\n<td>L20 Se<\/td>\n<\/tr>\n<tr>\n<td><strong>Herkunftsland<\/strong><\/td>\n<td>China<\/td>\n<\/tr>\n<tr>\n<td><strong>Hersteller<\/strong><\/td>\n<td>ENGWE<\/td>\n<\/tr>\n<tr>\n<td><strong>Garantie<\/strong><\/td>\n<td>1 Jahr<\/td>\n<\/tr>\n<tr>\n<td><strong>Artikeltyp Name<\/strong><\/td>\n<td>E-BIKE<\/td>\n<\/tr>\n<tr>\n<td><strong>Amazon Bestseller-Rang<\/strong><\/td>\n<td><\/td>\n<\/tr>\n<tr>\n<td><strong>ASIN<\/strong><\/td>\n<td>B0CNC6DNHJ<\/td>\n<\/tr>\n<tr>\n<td><strong>Durchschnittliche Kundenbewertung<\/strong><\/td>\n<td><\/td>\n<\/tr>\n<tr>\n<td><strong>Farbe<\/strong><\/td>\n<td>Gr\u00fcn<\/td>\n<\/tr>\n<tr>\n<td><strong>Thema<\/strong><\/td>\n<td>Milit\u00e4r<\/td>\n<\/tr>\n<tr>\n<td><strong>Stil\/Form<\/strong><\/td>\n<td>Klassisch<\/td>\n<\/tr>\n<tr>\n<td><strong>Rahmenmaterialtyp<\/strong><\/td>\n<td>Aluminium<\/td>\n<\/tr>\n<tr>\n<td><strong>Radmaterial<\/strong><\/td>\n<td>Aluminium<\/td>\n<\/tr>\n<tr>\n<td><strong>Sitzwerkstoff<\/strong><\/td>\n<td>Kunstleder<\/td>\n<\/tr>\n<tr>\n<td><strong>Kotfl\u00fcgelmaterial<\/strong><\/td>\n<td>aluminum<\/td>\n<\/tr>\n<\/tbody>\n<\/table>\n<\/ul>","protected":false},"excerpt":{"rendered":"<p>Product Overview Fahrradtyp: Pedelec Altersspektrum (Beschreibung): Erwachsener Marke: ENGWE Anzahl der G\u00e4nge: 7 Farbe: Gr\u00fcn Radgr\u00f6\u00dfe: 20 Zoll Rahmenmaterial: Aluminium<\/p>","protected":false},"featured_media":31851,"comment_status":"open","ping_status":"closed","template":"","meta":[],"product_brand":[],"product_cat":[153],"product_tag":[],"class_list":{"0":"post-31744","1":"product","2":"type-product","3":"status-publish","4":"has-post-thumbnail","6":"product_cat-elektrofahrraeder","8":"first","9":"instock","10":"sale","11":"shipping-taxable","12":"purchasable","13":"product-type-variable"},"jetpack_sharing_enabled":true,"_links":{"self":[{"href":"https:\/\/truvicco.shop\/en\/wp-json\/wp\/v2\/product\/31744","targetHints":{"allow":["GET"]}}],"collection":[{"href":"https:\/\/truvicco.shop\/en\/wp-json\/wp\/v2\/product"}],"about":[{"href":"https:\/\/truvicco.shop\/en\/wp-json\/wp\/v2\/types\/product"}],"replies":[{"embeddable":true,"href":"https:\/\/truvicco.shop\/en\/wp-json\/wp\/v2\/comments?post=31744"}],"version-history":[{"count":0,"href":"https:\/\/truvicco.shop\/en\/wp-json\/wp\/v2\/product\/31744\/revisions"}],"wp:featuredmedia":[{"embeddable":true,"href":"https:\/\/truvicco.shop\/en\/wp-json\/wp\/v2\/media\/31851"}],"wp:attachment":[{"href":"https:\/\/truvicco.shop\/en\/wp-json\/wp\/v2\/media?parent=31744"}],"wp:term":[{"taxonomy":"product_brand","embeddable":true,"href":"https:\/\/truvicco.shop\/en\/wp-json\/wp\/v2\/product_brand?post=31744"},{"taxonomy":"product_cat","embeddable":true,"href":"https:\/\/truvicco.shop\/en\/wp-json\/wp\/v2\/product_cat?post=31744"},{"taxonomy":"product_tag","embeddable":true,"href":"https:\/\/truvicco.shop\/en\/wp-json\/wp\/v2\/product_tag?post=31744"}],"curies":[{"name":"wp","href":"https:\/\/api.w.org\/{rel}","templated":true}]}}