{"id":31757,"date":"2026-05-09T23:49:23","date_gmt":"2026-05-09T23:49:23","guid":{"rendered":"https:\/\/truvicco.shop\/product\/fischer-e-bike-trekking-viator-2-1-active-elektrofahrrad-fur-damen-und-herren-rh-45-459wh-heckmotor-50nm-48v\/"},"modified":"2026-05-09T23:49:24","modified_gmt":"2026-05-09T23:49:24","slug":"fischer-e-bike-trekking-viator-2-1-active-elektrofahrrad-fur-damen-und-herren-rh-45-459wh-heckmotor-50nm-48v","status":"publish","type":"product","link":"https:\/\/truvicco.shop\/en\/product\/fischer-e-bike-trekking-viator-2-1-active-elektrofahrrad-fur-damen-und-herren-rh-45-459wh-heckmotor-50nm-48v\/","title":{"rendered":"Fischer VIATOR 2.1 Active Trekking E-Bike Damen Herren Heckmotor 50 Nm 459 Wh 48V RH 45"},"content":{"rendered":"<p><strong>Product Overview<\/strong><\/p>\n<ul>\n<li>\n<strong>Fahrradtyp:<\/strong> Trekkingrad<\/li>\n<li>\n<strong>Altersspektrum (Beschreibung):<\/strong> Erwachsener<\/li>\n<li>\n<strong>Marke:<\/strong> Fischer<\/li>\n<li>\n<strong>Anzahl der G\u00e4nge:<\/strong> 8<\/li>\n<li>\n<strong>Farbe:<\/strong> dusk green<\/li>\n<li>\n<strong>Rahmenmaterial:<\/strong> Aluminium<\/li>\n<li>\n<strong>Aufh\u00e4ngungstyp:<\/strong> Gabelfederung<\/li>\n<li>\n<strong>Besonderes Merkmal:<\/strong> Digitalanzeige, Kilometerz\u00e4hler, Verstellbarer Sitz, Vorderlicht, Wiederaufladbar<\/li>\n<li>\n<strong>Enthaltene Komponenten:<\/strong> <\/li>\n<li>\n<strong>Gr\u00f6\u00dfe:<\/strong> 45cm &#8211; 459Wh<\/li>\n<\/ul>\n<p><strong>Product Features<\/strong><\/p>\n<ul>\n<li>MOTOR: Der zuverl\u00e4ssige FISCHER Drive Heckmotor mit 50Nm Drehmoment unterst\u00fctzt durch seine verschiedenen Stufen optimal bei Ausfl\u00fcgen mit dem Bike. Einfach steuerbar \u00fcber eine separate Bedieneinheit am Lenker in Kombination mit einem schlanken Display bietet eine schlichte Optik am Lenker und sind besonders \u00fcbersichtlich f\u00fcr den Fahrer.<\/li>\n<li>BREMSE: Zuverl\u00e4ssige Bremsleitung auch bei h\u00f6heren Geschwindigkeiten bietet die hydraulische Scheibenbremse von SHIMANO<\/li>\n<li>AKKU: Der 459 Wh starke Akku \u00fcberzeugt nicht nur durch seine Leistung, sondern auch durch seine dezente Optik, welche sich unauff\u00e4llig in den Fahrradrahmen einf\u00fcgt. Ein weiterer Vorteil bietet der integrierte Tragegriff, welcher den Ein- und Ausbau erleichtert und f\u00fcr eine einfache Handhabung sorgt.<\/li>\n<li>SCHALTUNG: Einfaches und schnelles Schalten im Stadtverkehr, durch die vorhandenen 8 G\u00e4nge, erm\u00f6glicht die besonders robuste SHIMANO Kettenschaltung.<\/li>\n<li>BELEUCHTUNG\/SICHERHEIT: Zus\u00e4tzliche Sicherheit bietet die 90 Lux LED-Lichtanlage, welche unterst\u00fctzt durch die Reflexstreifen der Reifen eine gute Sichtbarkeit im Stra\u00dfenverkehr erm\u00f6glicht. Das integrierte Rahmenschloss erm\u00f6glicht das Abstellen und Abschlie\u00dfen des Rades zu jeder Zeit.<\/li>\n<\/ul>\n<p><strong>Product Information<\/strong><\/p>\n<ul>\n<table style=\"margin-bottom:20px\">\n<tbody>\n<tr>\n<td><strong>Fahrradtyp<\/strong><\/td>\n<td>Trekkingrad<\/td>\n<\/tr>\n<tr>\n<td><strong>Anzahl G\u00e4nge<\/strong><\/td>\n<td>8<\/td>\n<\/tr>\n<tr>\n<td><strong>Federungstyp<\/strong><\/td>\n<td>Gabelfederung<\/td>\n<\/tr>\n<tr>\n<td><strong>Besondere Merkmale<\/strong><\/td>\n<td>Digitalanzeige, Kilometerz\u00e4hler, Verstellbarer Sitz, Vorderlicht, Wiederaufladbar<\/td>\n<\/tr>\n<tr>\n<td><strong>Bremsenart<\/strong><\/td>\n<td>Scheibenbremse<\/td>\n<\/tr>\n<tr>\n<td><strong>Spezifische Verwendung f\u00fcr Produkt<\/strong><\/td>\n<td>Stra\u00dfe, Trail<\/td>\n<\/tr>\n<tr>\n<td><strong>Betriebsart<\/strong><\/td>\n<td>Elektrisch<\/td>\n<\/tr>\n<tr>\n<td><strong>Wattleistung<\/strong><\/td>\n<td>250 Watt<\/td>\n<\/tr>\n<tr>\n<td><strong>Kapazit\u00e4t Lithium-Akku<\/strong><\/td>\n<td>9,8 Milliamperestunden (mAh)<\/td>\n<\/tr>\n<tr>\n<td><strong>Typ des Fahrradschalthebels<\/strong><\/td>\n<td>Trigger<\/td>\n<\/tr>\n<tr>\n<td><strong>Konfiguration der Kettenschaltung<\/strong><\/td>\n<td>R\u00fcckseite<\/td>\n<\/tr>\n<tr>\n<td><strong>Antriebsart des Fahrrads<\/strong><\/td>\n<td>Kettenschaltung<\/td>\n<\/tr>\n<tr>\n<td><strong>Art der elektrischen Unterst\u00fctzung<\/strong><\/td>\n<td>Hubmotor mit Pedalunterst\u00fctzung<\/td>\n<\/tr>\n<tr>\n<td><strong>Farbe<\/strong><\/td>\n<td>dusk green<\/td>\n<\/tr>\n<tr>\n<td><strong>Stil\/Form<\/strong><\/td>\n<td>VIATOR 2.1 ACTIVE<\/td>\n<\/tr>\n<tr>\n<td><strong>Art der Garantie<\/strong><\/td>\n<td>Beschr\u00e4nkte Garantie (2 Jahre auf das Bike, 5 Jahre auf den Rahmen)<\/td>\n<\/tr>\n<tr>\n<td><strong>Montage erforderlich<\/strong><\/td>\n<td>Ja<\/td>\n<\/tr>\n<tr>\n<td><strong>Altersgruppe Beschreibung<\/strong><\/td>\n<td>Erwachsener<\/td>\n<\/tr>\n<tr>\n<td><strong>Marke<\/strong><\/td>\n<td>Fischer<\/td>\n<\/tr>\n<tr>\n<td><strong>Eingeschlossene Komponenten<\/strong><\/td>\n<td>Akku &#038; Akku-Schl\u00fcssel, Bedienungsanleitung &#038; Montageanleitung, Ladeger\u00e4t, Pedale, Werkzeugsatz<\/td>\n<\/tr>\n<tr>\n<td><strong>Modellnummer<\/strong><\/td>\n<td>65171<\/td>\n<\/tr>\n<tr>\n<td><strong>Modellname<\/strong><\/td>\n<td>Viator 2.1 Active<\/td>\n<\/tr>\n<tr>\n<td><strong>Herkunftsland<\/strong><\/td>\n<td>Portugal<\/td>\n<\/tr>\n<tr>\n<td><strong>Hersteller<\/strong><\/td>\n<td>FISCHER<\/td>\n<\/tr>\n<tr>\n<td><strong>Garantie<\/strong><\/td>\n<td>24 Monate<\/td>\n<\/tr>\n<tr>\n<td><strong>Artikeltyp Name<\/strong><\/td>\n<td>E-Bike Trekking<\/td>\n<\/tr>\n<tr>\n<td><strong>Amazon Bestseller-Rang<\/strong><\/td>\n<td><\/td>\n<\/tr>\n<tr>\n<td><strong>ASIN<\/strong><\/td>\n<td>B0FSLFLSGL<\/td>\n<\/tr>\n<tr>\n<td><strong>Durchschnittliche Kundenbewertung<\/strong><\/td>\n<td><\/td>\n<\/tr>\n<tr>\n<td><strong>Gr\u00f6\u00dfe<\/strong><\/td>\n<td>45cm &#8211; 459Wh<\/td>\n<\/tr>\n<tr>\n<td><strong>Rahmenmaterialtyp<\/strong><\/td>\n<td>Aluminium<\/td>\n<\/tr>\n<tr>\n<td><strong>Radmaterial<\/strong><\/td>\n<td>Aluminium<\/td>\n<\/tr>\n<\/tbody>\n<\/table>\n<\/ul>","protected":false},"excerpt":{"rendered":"<p>Product Overview Fahrradtyp: Trekkingrad Altersspektrum (Beschreibung): Erwachsener Marke: Fischer Anzahl der G\u00e4nge: 8 Farbe: dusk green Rahmenmaterial: Aluminium Aufh\u00e4ngungstyp: Gabelfederung<\/p>","protected":false},"featured_media":31885,"comment_status":"open","ping_status":"closed","template":"","meta":[],"product_brand":[],"product_cat":[153],"product_tag":[],"class_list":{"0":"post-31757","1":"product","2":"type-product","3":"status-publish","4":"has-post-thumbnail","6":"product_cat-elektrofahrraeder","8":"first","9":"instock","10":"sale","11":"shipping-taxable","12":"purchasable","13":"product-type-variable"},"jetpack_sharing_enabled":true,"_links":{"self":[{"href":"https:\/\/truvicco.shop\/en\/wp-json\/wp\/v2\/product\/31757","targetHints":{"allow":["GET"]}}],"collection":[{"href":"https:\/\/truvicco.shop\/en\/wp-json\/wp\/v2\/product"}],"about":[{"href":"https:\/\/truvicco.shop\/en\/wp-json\/wp\/v2\/types\/product"}],"replies":[{"embeddable":true,"href":"https:\/\/truvicco.shop\/en\/wp-json\/wp\/v2\/comments?post=31757"}],"version-history":[{"count":0,"href":"https:\/\/truvicco.shop\/en\/wp-json\/wp\/v2\/product\/31757\/revisions"}],"wp:featuredmedia":[{"embeddable":true,"href":"https:\/\/truvicco.shop\/en\/wp-json\/wp\/v2\/media\/31885"}],"wp:attachment":[{"href":"https:\/\/truvicco.shop\/en\/wp-json\/wp\/v2\/media?parent=31757"}],"wp:term":[{"taxonomy":"product_brand","embeddable":true,"href":"https:\/\/truvicco.shop\/en\/wp-json\/wp\/v2\/product_brand?post=31757"},{"taxonomy":"product_cat","embeddable":true,"href":"https:\/\/truvicco.shop\/en\/wp-json\/wp\/v2\/product_cat?post=31757"},{"taxonomy":"product_tag","embeddable":true,"href":"https:\/\/truvicco.shop\/en\/wp-json\/wp\/v2\/product_tag?post=31757"}],"curies":[{"name":"wp","href":"https:\/\/api.w.org\/{rel}","templated":true}]}}