{"id":31789,"date":"2026-05-09T23:49:26","date_gmt":"2026-05-09T23:49:26","guid":{"rendered":"https:\/\/truvicco.shop\/product\/urlife-e-bike-klapprad-14-48v-7-5ah-austauschbarem-akku-fur-lange-reichweite-bis-60km-elektrofahrrad-250w-motor-3-fahrmodi-sitzhohe-verstellbar-falt-pedelec-ebike-fur-herren-damen\/"},"modified":"2026-05-09T23:49:27","modified_gmt":"2026-05-09T23:49:27","slug":"urlife-e-bike-klapprad-14-48v-7-5ah-austauschbarem-akku-fur-lange-reichweite-bis-60km-elektrofahrrad-250w-motor-3-fahrmodi-sitzhohe-verstellbar-falt-pedelec-ebike-fur-herren-damen","status":"publish","type":"product","link":"https:\/\/truvicco.shop\/en\/product\/urlife-e-bike-klapprad-14-48v-7-5ah-austauschbarem-akku-fur-lange-reichweite-bis-60km-elektrofahrrad-250w-motor-3-fahrmodi-sitzhohe-verstellbar-falt-pedelec-ebike-fur-herren-damen\/","title":{"rendered":"URLIFE E-Bike Klapprad 14 Zoll 250W Motor 48V 7,5Ah Akku 60 km Reichweite Faltbar Damen Herren"},"content":{"rendered":"<div id=\"productDescription\" class=\"a-section a-spacing-small\">       <!-- show up to 2 reviews by default --><\/p>\n<p>    <span>URLIFE E-Bike Klapprad 14&#8243;, 48V 7.5Ah Austauschbarem Akku f\u00fcr Lange Reichweite bis 60KM, Elektrofahrrad 250W Motor, 3 Fahrmodi, Sitzh\u00f6he Verstellbar, Falt-Pedelec ebike f\u00fcr Herren Damen<\/span>    <\/p>\n<\/p><\/div>\n<p><strong>Product Overview<\/strong><\/p>\n<ul>\n<li>\n<strong>Fahrradtyp:<\/strong> Faltrad, Pedelec<\/li>\n<li>\n<strong>Altersspektrum (Beschreibung):<\/strong> Erwachsener<\/li>\n<li>\n<strong>Marke:<\/strong> URLIFE<\/li>\n<li>\n<strong>Anzahl der G\u00e4nge:<\/strong> 3<\/li>\n<li>\n<strong>Farbe:<\/strong> Grau<\/li>\n<li>\n<strong>Radgr\u00f6\u00dfe:<\/strong> 14 Zoll<\/li>\n<li>\n<strong>Rahmenmaterial:<\/strong> Stahl-Kohlenstoff<\/li>\n<li>\n<strong>Aufh\u00e4ngungstyp:<\/strong> Vollfederung<\/li>\n<li>\n<strong>Besonderes Merkmal:<\/strong> Klappbar, Kotfl\u00fcgel, Tragbar, Verstellbare Lenkstangen, Verstellbarer Sitz<\/li>\n<li>\n<strong>Enthaltene Komponenten:<\/strong> Horn, Kotfl\u00fcgel, Werkzeugsatz<\/li>\n<\/ul>\n<p><strong>Product Features<\/strong><\/p>\n<ul>\n<li>\u3010Lange Reichweite\u3011Der URLIFE F1L ebike verf\u00fcgt \u00fcber einen 48V 7.5AH abnehmbaren Akku, der im Pedal-Assist-Modus bis zu 60 km Reichweite bietet(bei 75 kg auf ebener Strecke). Der Akku kann jederzeit und \u00fcberall entnommen und aufgeladen werden, was das Aufladen noch bequemer macht. Ideal f\u00fcr den t\u00e4glichen Arbeitsweg oder Wochenendausfl\u00fcge<\/li>\n<li>\u3010Leistungsstarker Motor und Geschwindigkeit\u3011Diese URLIFE F1L Elektrofahrrad ist 250W b\u00fcrstenloser motor ausgestattet, die Leistungsabgabe ist stabil und die H\u00f6chstgeschwindigkeit kann 25km\/h erreichen(IP54 wasserdicht). Leichtes Bergauffahren und energiesparendes Fahren<\/li>\n<li>\u3010Sicherheit &#038; Komfort\u3011Doppelte Federung und Satteld\u00e4mpfer, reduziert effektiv Vibrationen und erh\u00f6ht die Sicherheit f\u00fcr eine sanfte Fahrt \u00fcber unebenes Gel\u00e4nde. Heller LED-Scheinwerfer und R\u00fcckstrahler sorgen f\u00fcr gute Sichtbarkeit, und die Anti-Rutsch-Reifen verbessern die Stabilit\u00e4t.<\/li>\n<li>\u30103 Fahrmodi f\u00fcr alle Bed\u00fcrfnisse\u3011 Pedal-Assist hat 3 einstellbare Geschwindigkeiten von 15km\/h, 20km\/h und 25km\/h. Dar\u00fcber hinaus kann mit dem Schiebeunterst\u00fctzungs-Modus durch langes Dr\u00fccken des Display-Knopfes die H\u00f6chstgeschwindigkeit von bis zu 6km\/h eingeschaltet werden. Das LCD-Display zeigt Akku an, dazu geh\u00f6ren auch LED-Frontleuchten, reflektierende Folie, Glocke und Sitzkissen f\u00fcr mehr Komfort<\/li>\n<li>\u3010Komfortables &#038; Platzsparendes Design\u3011Das Klapprad E-Bike (Ma\u00dfe: 755x520x625mm, 24,5 kg) hat einen verstellbaren Sitz und klappbaren Rahmen. Passt problemlos in Kofferraum, Wohnmobil, Bahn und Co. Perfekt f\u00fcr Campus, Stadtfahrten oder Campingpl\u00e4tze<\/li>\n<\/ul>\n<p><strong>Product Information<\/strong><\/p>\n<ul>\n<table style=\"margin-bottom:20px\">\n<tbody>\n<tr>\n<td><strong>Fahrradtyp<\/strong><\/td>\n<td>Faltrad, Pedelec<\/td>\n<\/tr>\n<tr>\n<td><strong>Anzahl G\u00e4nge<\/strong><\/td>\n<td>3<\/td>\n<\/tr>\n<tr>\n<td><strong>Federungstyp<\/strong><\/td>\n<td>Vollfederung<\/td>\n<\/tr>\n<tr>\n<td><strong>Besondere Merkmale<\/strong><\/td>\n<td>Klappbar, Kotfl\u00fcgel, Tragbar, Verstellbare Lenkstangen, Verstellbarer Sitz<\/td>\n<\/tr>\n<tr>\n<td><strong>Bremsenart<\/strong><\/td>\n<td>Scheibenbremse<\/td>\n<\/tr>\n<tr>\n<td><strong>Spezifische Verwendung f\u00fcr Produkt<\/strong><\/td>\n<td>Stra\u00dfe<\/td>\n<\/tr>\n<tr>\n<td><strong>Betriebsart<\/strong><\/td>\n<td>Elektromotor<\/td>\n<\/tr>\n<tr>\n<td><strong>Wattleistung<\/strong><\/td>\n<td>250 Watt<\/td>\n<\/tr>\n<tr>\n<td><strong>Kapazit\u00e4t Lithium-Akku<\/strong><\/td>\n<td>360 Wattstunden<\/td>\n<\/tr>\n<tr>\n<td><strong>Typ des Fahrradschalthebels<\/strong><\/td>\n<td>Trigger<\/td>\n<\/tr>\n<tr>\n<td><strong>F\u00e4higkeitsebene<\/strong><\/td>\n<td>Mittelstufe<\/td>\n<\/tr>\n<tr>\n<td><strong>Konfiguration der Kettenschaltung<\/strong><\/td>\n<td>R\u00fcckseite<\/td>\n<\/tr>\n<tr>\n<td><strong>Antriebsart des Fahrrads<\/strong><\/td>\n<td>nabenmotor<\/td>\n<\/tr>\n<tr>\n<td><strong>Art der elektrischen Unterst\u00fctzung<\/strong><\/td>\n<td>Assistiert<\/td>\n<\/tr>\n<tr>\n<td><strong>Anzahl der Griffe<\/strong><\/td>\n<td>1<\/td>\n<\/tr>\n<tr>\n<td><strong>Reifengr\u00f6\u00dfe<\/strong><\/td>\n<td>14 Zoll<\/td>\n<\/tr>\n<tr>\n<td><strong>Gr\u00f6\u00dfe<\/strong><\/td>\n<td>755mm*520mm*625mm<\/td>\n<\/tr>\n<tr>\n<td><strong>Radbreite<\/strong><\/td>\n<td>2,12 Zoll<\/td>\n<\/tr>\n<tr>\n<td><strong>Artikelgewicht<\/strong><\/td>\n<td>24,5 Kilogramm<\/td>\n<\/tr>\n<tr>\n<td><strong>Art der Garantie<\/strong><\/td>\n<td>Beschr\u00e4nkt<\/td>\n<\/tr>\n<tr>\n<td><strong>Empfohlenes Maximalgewicht<\/strong><\/td>\n<td>120 Kilogramm<\/td>\n<\/tr>\n<tr>\n<td><strong>Montage erforderlich<\/strong><\/td>\n<td>Ja<\/td>\n<\/tr>\n<tr>\n<td><strong>Mindestbenutzerh\u00f6he<\/strong><\/td>\n<td>155 Zentimeter<\/td>\n<\/tr>\n<tr>\n<td><strong>Altersgruppe Beschreibung<\/strong><\/td>\n<td>Erwachsener<\/td>\n<\/tr>\n<tr>\n<td><strong>Marke<\/strong><\/td>\n<td>URLIFE<\/td>\n<\/tr>\n<tr>\n<td><strong>Eingeschlossene Komponenten<\/strong><\/td>\n<td>Horn, Kotfl\u00fcgel, Werkzeugsatz<\/td>\n<\/tr>\n<tr>\n<td><strong>Modellnummer<\/strong><\/td>\n<td>F1L<\/td>\n<\/tr>\n<tr>\n<td><strong>Modellname<\/strong><\/td>\n<td>F1l<\/td>\n<\/tr>\n<tr>\n<td><strong>Modelljahr<\/strong><\/td>\n<td>2026<\/td>\n<\/tr>\n<tr>\n<td><strong>Herkunftsland<\/strong><\/td>\n<td>China<\/td>\n<\/tr>\n<tr>\n<td><strong>Hersteller<\/strong><\/td>\n<td>UNLIFE<\/td>\n<\/tr>\n<tr>\n<td><strong>Garantie<\/strong><\/td>\n<td>1 Jahr Garantie<\/td>\n<\/tr>\n<tr>\n<td><strong>Amazon Bestseller-Rang<\/strong><\/td>\n<td><\/td>\n<\/tr>\n<tr>\n<td><strong>ASIN<\/strong><\/td>\n<td>B0F6LWMXWM<\/td>\n<\/tr>\n<tr>\n<td><strong>Durchschnittliche Kundenbewertung<\/strong><\/td>\n<td><\/td>\n<\/tr>\n<tr>\n<td><strong>Farbe<\/strong><\/td>\n<td>Grau<\/td>\n<\/tr>\n<tr>\n<td><strong>Thema<\/strong><\/td>\n<td>Sport<\/td>\n<\/tr>\n<tr>\n<td><strong>Stil\/Form<\/strong><\/td>\n<td>Urban<\/td>\n<\/tr>\n<tr>\n<td><strong>Rahmenmaterialtyp<\/strong><\/td>\n<td>Stahl-Kohlenstoff<\/td>\n<\/tr>\n<tr>\n<td><strong>Radmaterial<\/strong><\/td>\n<td>Stahllegierung<\/td>\n<\/tr>\n<tr>\n<td><strong>Kotfl\u00fcgelmaterial<\/strong><\/td>\n<td>Kunststoff<\/td>\n<\/tr>\n<\/tbody>\n<\/table>\n<\/ul>","protected":false},"excerpt":{"rendered":"<p>URLIFE E-Bike Klapprad 14&#8243;, 48V 7.5Ah Austauschbarem Akku f\u00fcr Lange Reichweite bis 60KM, Elektrofahrrad 250W Motor, 3 Fahrmodi, Sitzh\u00f6he Verstellbar,<\/p>","protected":false},"featured_media":31968,"comment_status":"open","ping_status":"closed","template":"","meta":[],"product_brand":[],"product_cat":[153],"product_tag":[],"class_list":{"0":"post-31789","1":"product","2":"type-product","3":"status-publish","4":"has-post-thumbnail","6":"product_cat-elektrofahrraeder","8":"first","9":"instock","10":"sale","11":"shipping-taxable","12":"purchasable","13":"product-type-variable"},"jetpack_sharing_enabled":true,"_links":{"self":[{"href":"https:\/\/truvicco.shop\/en\/wp-json\/wp\/v2\/product\/31789","targetHints":{"allow":["GET"]}}],"collection":[{"href":"https:\/\/truvicco.shop\/en\/wp-json\/wp\/v2\/product"}],"about":[{"href":"https:\/\/truvicco.shop\/en\/wp-json\/wp\/v2\/types\/product"}],"replies":[{"embeddable":true,"href":"https:\/\/truvicco.shop\/en\/wp-json\/wp\/v2\/comments?post=31789"}],"version-history":[{"count":0,"href":"https:\/\/truvicco.shop\/en\/wp-json\/wp\/v2\/product\/31789\/revisions"}],"wp:featuredmedia":[{"embeddable":true,"href":"https:\/\/truvicco.shop\/en\/wp-json\/wp\/v2\/media\/31968"}],"wp:attachment":[{"href":"https:\/\/truvicco.shop\/en\/wp-json\/wp\/v2\/media?parent=31789"}],"wp:term":[{"taxonomy":"product_brand","embeddable":true,"href":"https:\/\/truvicco.shop\/en\/wp-json\/wp\/v2\/product_brand?post=31789"},{"taxonomy":"product_cat","embeddable":true,"href":"https:\/\/truvicco.shop\/en\/wp-json\/wp\/v2\/product_cat?post=31789"},{"taxonomy":"product_tag","embeddable":true,"href":"https:\/\/truvicco.shop\/en\/wp-json\/wp\/v2\/product_tag?post=31789"}],"curies":[{"name":"wp","href":"https:\/\/api.w.org\/{rel}","templated":true}]}}