{"id":31794,"date":"2026-05-09T23:49:27","date_gmt":"2026-05-09T23:49:27","guid":{"rendered":"https:\/\/truvicco.shop\/product\/vecocraft-hebe-elektrofahrrader-city-e-bike-ebike-damen-28-zoll-7-gang-shimano-schaltung-ananda-hinterer-motor-250w-eu-konformes-fur-e-bike-herren-und-damen\/"},"modified":"2026-05-09T23:49:28","modified_gmt":"2026-05-09T23:49:28","slug":"vecocraft-hebe-elektrofahrrader-city-e-bike-ebike-damen-28-zoll-7-gang-shimano-schaltung-ananda-hinterer-motor-250w-eu-konformes-fur-e-bike-herren-und-damen","status":"publish","type":"product","link":"https:\/\/truvicco.shop\/en\/product\/vecocraft-hebe-elektrofahrrader-city-e-bike-ebike-damen-28-zoll-7-gang-shimano-schaltung-ananda-hinterer-motor-250w-eu-konformes-fur-e-bike-herren-und-damen\/","title":{"rendered":"VecoCraft Hebe City E-Bike 28 Zoll 250W Ananda Heckmotor 7 Gang Shimano Damen Herren EU-konform"},"content":{"rendered":"<div id=\"productDescription\" class=\"a-section a-spacing-small\">       <!-- show up to 2 reviews by default -->\n           <\/div>\n<p><strong>Product Overview<\/strong><\/p>\n<ul>\n<li>\n<strong>Fahrradtyp:<\/strong> Pendlerfahrrad<\/li>\n<li>\n<strong>Altersspektrum (Beschreibung):<\/strong> Erwachsener<\/li>\n<li>\n<strong>Marke:<\/strong> VecoCraft<\/li>\n<li>\n<strong>Anzahl der G\u00e4nge:<\/strong> 7<\/li>\n<li>\n<strong>Farbe:<\/strong> Gelb (360WH)<\/li>\n<li>\n<strong>Radgr\u00f6\u00dfe:<\/strong> 28 Zoll<\/li>\n<li>\n<strong>Rahmenmaterial:<\/strong> Eisen<\/li>\n<li>\n<strong>Aufh\u00e4ngungstyp:<\/strong> Gabelfederung<\/li>\n<li>\n<strong>Besonderes Merkmal:<\/strong> Leicht<\/li>\n<li>\n<strong>Enthaltene Komponenten:<\/strong> HEBE ebike ohne Akku*1,10Ah Akku*1, Ladeger\u00e4t*1, Toolkits*1<\/li>\n<\/ul>\n<p><strong>Product Features<\/strong><\/p>\n<ul>\n<li>Das e bike mit 28-Zoll-Reifen verf\u00fcgt \u00fcber einen Eisenrahmen mit bequemem Tiefeinstieg und gefedertem Sattel. Mit einer maximalen Zuladung von 120 kg ist das ebike damen alltagstauglich<\/li>\n<li>Das E-Bike verf\u00fcgt \u00fcber drei Fahrmodi: Tretunterst\u00fctzungsmodus (3 Unterst\u00fctzungsstufen), Schiebehilfemodus und Fahrradmodus. Ausgestattet mit einer LED-Anzeige k\u00f6nnen Sie je nach Stra\u00dfenbedingungen und Ihren Bed\u00fcrfnissen einfach zwischen den drei Modi wechseln<\/li>\n<li>V-Bremsen vorne und hinten, sto\u00dfd\u00e4mpfende Gabeln und ein Rahmen im europ\u00e4ischen Stil bieten echten Komfort und Kontrolle. Der Scheinwerfer, R\u00fcckleuchten mit Reflektoren und Speichenreflektoren sorgen f\u00fcr sicheres Fahren von Grund auf<\/li>\n<li>Die E-Bikes werden von unserem Lager in Deutschland aus versandt. Ausgestattet mit einer elektronischen Version des Handbuchs. Bitte beachten Sie, dass wir Ihnen eine Garantie von 1-2 Jahren gew\u00e4hren (je nach Zubeh\u00f6r). Wenn Sie Fragen haben, k\u00f6nnen Sie uns gerne kontaktieren<\/li>\n<\/ul>\n<p><strong>Product Information<\/strong><\/p>\n<ul>\n<table style=\"margin-bottom:20px\">\n<tbody>\n<tr>\n<td><strong>Fahrradtyp<\/strong><\/td>\n<td>Pendlerfahrrad<\/td>\n<\/tr>\n<tr>\n<td><strong>Anzahl G\u00e4nge<\/strong><\/td>\n<td>7<\/td>\n<\/tr>\n<tr>\n<td><strong>Federungstyp<\/strong><\/td>\n<td>Gabelfederung<\/td>\n<\/tr>\n<tr>\n<td><strong>Besondere Merkmale<\/strong><\/td>\n<td>Leicht<\/td>\n<\/tr>\n<tr>\n<td><strong>Bremsenart<\/strong><\/td>\n<td>Linear Pull<\/td>\n<\/tr>\n<tr>\n<td><strong>Spezifische Verwendung f\u00fcr Produkt<\/strong><\/td>\n<td>Stra\u00dfe<\/td>\n<\/tr>\n<tr>\n<td><strong>Betriebsart<\/strong><\/td>\n<td>Electric motor<\/td>\n<\/tr>\n<tr>\n<td><strong>Typ des Fahrradschalthebels<\/strong><\/td>\n<td>Trigger<\/td>\n<\/tr>\n<tr>\n<td><strong>F\u00e4higkeitsebene<\/strong><\/td>\n<td>Mittelstufe<\/td>\n<\/tr>\n<tr>\n<td><strong>Konfiguration der Kettenschaltung<\/strong><\/td>\n<td>R\u00fcckseite<\/td>\n<\/tr>\n<tr>\n<td><strong>Antriebsart des Fahrrads<\/strong><\/td>\n<td>7-Gang-Getriebe<\/td>\n<\/tr>\n<tr>\n<td><strong>Art der elektrischen Unterst\u00fctzung<\/strong><\/td>\n<td>Nabenmotor, Pedalunterst\u00fctzung<\/td>\n<\/tr>\n<tr>\n<td><strong>Anzahl der Griffe<\/strong><\/td>\n<td>2<\/td>\n<\/tr>\n<tr>\n<td><strong>Reifengr\u00f6\u00dfe<\/strong><\/td>\n<td>28 Zoll<\/td>\n<\/tr>\n<tr>\n<td><strong>Gr\u00f6\u00dfe<\/strong><\/td>\n<td>28<\/td>\n<\/tr>\n<tr>\n<td><strong>Artikelgewicht<\/strong><\/td>\n<td>24 Kilogramm<\/td>\n<\/tr>\n<tr>\n<td><strong>Altersgruppe Beschreibung<\/strong><\/td>\n<td>Erwachsener<\/td>\n<\/tr>\n<tr>\n<td><strong>Marke<\/strong><\/td>\n<td>VecoCraft<\/td>\n<\/tr>\n<tr>\n<td><strong>Eingeschlossene Komponenten<\/strong><\/td>\n<td>HEBE ebike ohne Akku*1,10Ah Akku*1, Ladeger\u00e4t*1, Toolkits*1<\/td>\n<\/tr>\n<tr>\n<td><strong>Modellname<\/strong><\/td>\n<td>Hebe<\/td>\n<\/tr>\n<tr>\n<td><strong>Herkunftsland<\/strong><\/td>\n<td>China<\/td>\n<\/tr>\n<tr>\n<td><strong>Hersteller<\/strong><\/td>\n<td>\u200eIntercraft GmbH<\/td>\n<\/tr>\n<tr>\n<td><strong>Amazon Bestseller-Rang<\/strong><\/td>\n<td><\/td>\n<\/tr>\n<tr>\n<td><strong>ASIN<\/strong><\/td>\n<td>B0CLHZ1HWJ<\/td>\n<\/tr>\n<tr>\n<td><strong>Durchschnittliche Kundenbewertung<\/strong><\/td>\n<td><\/td>\n<\/tr>\n<tr>\n<td><strong>Farbe<\/strong><\/td>\n<td>Gelb (360WH)<\/td>\n<\/tr>\n<tr>\n<td><strong>Stil\/Form<\/strong><\/td>\n<td>Urban<\/td>\n<\/tr>\n<tr>\n<td><strong>Rahmenmaterialtyp<\/strong><\/td>\n<td>Eisen<\/td>\n<\/tr>\n<tr>\n<td><strong>Radmaterial<\/strong><\/td>\n<td>Aluminium<\/td>\n<\/tr>\n<tr>\n<td><strong>Art der Garantie<\/strong><\/td>\n<td>begrenzte Garantie<\/td>\n<\/tr>\n<tr>\n<td><strong>Empfohlenes Maximalgewicht<\/strong><\/td>\n<td>120 Kilogramm<\/td>\n<\/tr>\n<tr>\n<td><strong>Montage erforderlich<\/strong><\/td>\n<td>Nein<\/td>\n<\/tr>\n<\/tbody>\n<\/table>\n<\/ul>","protected":false},"excerpt":{"rendered":"<p>Product Overview Fahrradtyp: Pendlerfahrrad Altersspektrum (Beschreibung): Erwachsener Marke: VecoCraft Anzahl der G\u00e4nge: 7 Farbe: Gelb (360WH) Radgr\u00f6\u00dfe: 28 Zoll Rahmenmaterial:<\/p>","protected":false},"featured_media":31980,"comment_status":"open","ping_status":"closed","template":"","meta":[],"product_brand":[],"product_cat":[153],"product_tag":[],"class_list":{"0":"post-31794","1":"product","2":"type-product","3":"status-publish","4":"has-post-thumbnail","6":"product_cat-elektrofahrraeder","8":"first","9":"instock","10":"sale","11":"shipping-taxable","12":"purchasable","13":"product-type-variable"},"jetpack_sharing_enabled":true,"_links":{"self":[{"href":"https:\/\/truvicco.shop\/en\/wp-json\/wp\/v2\/product\/31794","targetHints":{"allow":["GET"]}}],"collection":[{"href":"https:\/\/truvicco.shop\/en\/wp-json\/wp\/v2\/product"}],"about":[{"href":"https:\/\/truvicco.shop\/en\/wp-json\/wp\/v2\/types\/product"}],"replies":[{"embeddable":true,"href":"https:\/\/truvicco.shop\/en\/wp-json\/wp\/v2\/comments?post=31794"}],"version-history":[{"count":0,"href":"https:\/\/truvicco.shop\/en\/wp-json\/wp\/v2\/product\/31794\/revisions"}],"wp:featuredmedia":[{"embeddable":true,"href":"https:\/\/truvicco.shop\/en\/wp-json\/wp\/v2\/media\/31980"}],"wp:attachment":[{"href":"https:\/\/truvicco.shop\/en\/wp-json\/wp\/v2\/media?parent=31794"}],"wp:term":[{"taxonomy":"product_brand","embeddable":true,"href":"https:\/\/truvicco.shop\/en\/wp-json\/wp\/v2\/product_brand?post=31794"},{"taxonomy":"product_cat","embeddable":true,"href":"https:\/\/truvicco.shop\/en\/wp-json\/wp\/v2\/product_cat?post=31794"},{"taxonomy":"product_tag","embeddable":true,"href":"https:\/\/truvicco.shop\/en\/wp-json\/wp\/v2\/product_tag?post=31794"}],"curies":[{"name":"wp","href":"https:\/\/api.w.org\/{rel}","templated":true}]}}